{"id":322,"date":"2022-11-14T14:17:25","date_gmt":"2022-11-14T14:17:25","guid":{"rendered":"https:\/\/saharamoroccotours.com\/es\/?page_id=322"},"modified":"2024-01-19T12:08:09","modified_gmt":"2024-01-19T12:08:09","slug":"contacto","status":"publish","type":"page","link":"https:\/\/saharamoroccotours.com\/es\/contacto\/","title":{"rendered":"Contacto"},"content":{"rendered":"\t\t<div data-elementor-type=\"wp-page\" data-elementor-id=\"322\" class=\"elementor elementor-322\">\n\t\t\t\t\t\t<section class=\"elementor-section elementor-top-section elementor-element elementor-element-373b4359 elementor-section-height-min-height elementor-section-items-bottom elementor-section-boxed elementor-section-height-default\" data-id=\"373b4359\" data-element_type=\"section\" data-e-type=\"section\" data-settings=\"{&quot;background_background&quot;:&quot;classic&quot;}\">\n\t\t\t\t\t\t\t<div class=\"elementor-background-overlay\"><\/div>\n\t\t\t\t\t\t\t<div class=\"elementor-container elementor-column-gap-default\">\n\t\t\t\t\t<div class=\"elementor-column elementor-col-100 elementor-top-column elementor-element elementor-element-70c75fce\" data-id=\"70c75fce\" data-element_type=\"column\" data-e-type=\"column\">\n\t\t\t<div class=\"elementor-widget-wrap elementor-element-populated\">\n\t\t\t\t\t\t<div class=\"elementor-element elementor-element-26918a23 elementor-widget elementor-widget-heading\" data-id=\"26918a23\" data-element_type=\"widget\" data-e-type=\"widget\" data-widget_type=\"heading.default\">\n\t\t\t\t<div class=\"elementor-widget-container\">\n\t\t\t\t\t<h2 class=\"elementor-heading-title elementor-size-default\">Cont\u00e1ctenos<\/h2>\t\t\t\t<\/div>\n\t\t\t\t<\/div>\n\t\t\t\t<div class=\"elementor-element elementor-element-b0befb5 elementor-widget elementor-widget-text-editor\" data-id=\"b0befb5\" data-element_type=\"widget\" data-e-type=\"widget\" data-widget_type=\"text-editor.default\">\n\t\t\t\t<div class=\"elementor-widget-container\">\n\t\t\t\t\t\t\t\t\t<p><span style=\"color: #ffffff;\">Sahara Morocco Tours, Ofrecemos Tours y Excursiones por todo Marruecos como Marrakech, Casablanca, T\u00e1nger, Agadir, Rabat, Fez&#8230;etc.<\/span><\/p>\t\t\t\t\t\t\t\t<\/div>\n\t\t\t\t<\/div>\n\t\t\t\t\t<\/div>\n\t\t<\/div>\n\t\t\t\t\t<\/div>\n\t\t<\/section>\n\t\t\t\t<section class=\"elementor-section elementor-top-section elementor-element elementor-element-d737e13 elementor-section-boxed elementor-section-height-default elementor-section-height-default\" data-id=\"d737e13\" data-element_type=\"section\" data-e-type=\"section\">\n\t\t\t\t\t\t<div class=\"elementor-container elementor-column-gap-default\">\n\t\t\t\t\t<div class=\"elementor-column elementor-col-50 elementor-top-column elementor-element elementor-element-94eb108\" data-id=\"94eb108\" data-element_type=\"column\" data-e-type=\"column\">\n\t\t\t<div class=\"elementor-widget-wrap elementor-element-populated\">\n\t\t\t\t\t\t<div class=\"elementor-element elementor-element-d566bd2 elementor-widget elementor-widget-spacer\" data-id=\"d566bd2\" data-element_type=\"widget\" data-e-type=\"widget\" data-widget_type=\"spacer.default\">\n\t\t\t\t<div class=\"elementor-widget-container\">\n\t\t\t\t\t\t\t<div class=\"elementor-spacer\">\n\t\t\t<div class=\"elementor-spacer-inner\"><\/div>\n\t\t<\/div>\n\t\t\t\t\t\t<\/div>\n\t\t\t\t<\/div>\n\t\t\t\t<div class=\"elementor-element elementor-element-22c7f6c elementor-widget elementor-widget-heading\" data-id=\"22c7f6c\" data-element_type=\"widget\" data-e-type=\"widget\" data-widget_type=\"heading.default\">\n\t\t\t\t<div class=\"elementor-widget-container\">\n\t\t\t\t\t<h3 class=\"elementor-heading-title elementor-size-default\">Disponible en:<\/h3>\t\t\t\t<\/div>\n\t\t\t\t<\/div>\n\t\t\t\t\t<\/div>\n\t\t<\/div>\n\t\t\t\t<div class=\"elementor-column elementor-col-50 elementor-top-column elementor-element elementor-element-99f7d4d\" data-id=\"99f7d4d\" data-element_type=\"column\" data-e-type=\"column\">\n\t\t\t<div class=\"elementor-widget-wrap elementor-element-populated\">\n\t\t\t\t\t\t<section class=\"elementor-section elementor-inner-section elementor-element elementor-element-1525f35 elementor-section-boxed elementor-section-height-default elementor-section-height-default\" data-id=\"1525f35\" data-element_type=\"section\" data-e-type=\"section\">\n\t\t\t\t\t\t<div class=\"elementor-container elementor-column-gap-default\">\n\t\t\t\t\t<div class=\"elementor-column elementor-col-100 elementor-inner-column elementor-element elementor-element-db1e0ca\" data-id=\"db1e0ca\" data-element_type=\"column\" data-e-type=\"column\">\n\t\t\t<div class=\"elementor-widget-wrap elementor-element-populated\">\n\t\t\t\t\t\t<div class=\"elementor-element elementor-element-a2004ed th-btn-align-center elementor-widget elementor-widget-themo-button\" data-id=\"a2004ed\" data-element_type=\"widget\" data-e-type=\"widget\" data-widget_type=\"themo-button.default\">\n\t\t\t\t<div class=\"elementor-widget-container\">\n\t\t\t\t\t\n                \t\t\t<a class=\"btn-1 btn th-btn btn-standard-dark\" href=\"https:\/\/saharamoroccotours.com\/contact-us\/\">\n\t\t\t\t\t\t\t\t\tIngl\u00e9s\t\t\t\t\t\t\t<\/a>\n\t\t\n                    <a class=\"btn-2 btn th-btn btn-standard-dark\" href=\"https:\/\/saharamoroccotours.com\/it\/contattateci\/\">\n                                    Italian                            <\/a>\n        \n\t\t\t\t\t\t<\/div>\n\t\t\t\t<\/div>\n\t\t\t\t\t<\/div>\n\t\t<\/div>\n\t\t\t\t\t<\/div>\n\t\t<\/section>\n\t\t\t\t\t<\/div>\n\t\t<\/div>\n\t\t\t\t\t<\/div>\n\t\t<\/section>\n\t\t<div class=\"elementor-element elementor-element-42ae511 e-flex e-con-boxed e-con e-parent\" data-id=\"42ae511\" data-element_type=\"container\" data-e-type=\"container\">\n\t\t\t\t\t<div class=\"e-con-inner\">\n\t\t\t\t<div class=\"elementor-element elementor-element-e62d0d5 elementor-widget elementor-widget-spacer\" data-id=\"e62d0d5\" data-element_type=\"widget\" data-e-type=\"widget\" data-widget_type=\"spacer.default\">\n\t\t\t\t<div class=\"elementor-widget-container\">\n\t\t\t\t\t\t\t<div class=\"elementor-spacer\">\n\t\t\t<div class=\"elementor-spacer-inner\"><\/div>\n\t\t<\/div>\n\t\t\t\t\t\t<\/div>\n\t\t\t\t<\/div>\n\t\t\t\t\t<\/div>\n\t\t\t\t<\/div>\n\t\t\t\t<section class=\"elementor-section elementor-top-section elementor-element elementor-element-7e31dcf6 elementor-section-boxed elementor-section-height-default elementor-section-height-default\" data-id=\"7e31dcf6\" data-element_type=\"section\" data-e-type=\"section\">\n\t\t\t\t\t\t<div class=\"elementor-container elementor-column-gap-default\">\n\t\t\t\t\t<div class=\"elementor-column elementor-col-100 elementor-top-column elementor-element elementor-element-be415c0\" data-id=\"be415c0\" data-element_type=\"column\" data-e-type=\"column\">\n\t\t\t<div class=\"elementor-widget-wrap elementor-element-populated\">\n\t\t\t\t\t\t<div class=\"elementor-element elementor-element-70af84da elementor-widget elementor-widget-heading\" data-id=\"70af84da\" data-element_type=\"widget\" data-e-type=\"widget\" data-widget_type=\"heading.default\">\n\t\t\t\t<div class=\"elementor-widget-container\">\n\t\t\t\t\t<h2 class=\"elementor-heading-title elementor-size-default\">Cont\u00e1ctenos <\/h2>\t\t\t\t<\/div>\n\t\t\t\t<\/div>\n\t\t\t\t\t<\/div>\n\t\t<\/div>\n\t\t\t\t\t<\/div>\n\t\t<\/section>\n\t\t\t\t<section class=\"elementor-section elementor-top-section elementor-element elementor-element-1c751c7a elementor-section-boxed elementor-section-height-default elementor-section-height-default\" data-id=\"1c751c7a\" data-element_type=\"section\" data-e-type=\"section\">\n\t\t\t\t\t\t<div class=\"elementor-container elementor-column-gap-default\">\n\t\t\t\t\t<div class=\"elementor-column elementor-col-100 elementor-top-column elementor-element elementor-element-512ec59e\" data-id=\"512ec59e\" data-element_type=\"column\" data-e-type=\"column\">\n\t\t\t<div class=\"elementor-widget-wrap elementor-element-populated\">\n\t\t\t\t\t\t<div class=\"elementor-element elementor-element-249da67b elementor-widget elementor-widget-text-editor\" data-id=\"249da67b\" data-element_type=\"widget\" data-e-type=\"widget\" data-widget_type=\"text-editor.default\">\n\t\t\t\t<div class=\"elementor-widget-container\">\n\t\t\t\t\t\t\t\t\t<p>Si est\u00e1s interesado en recibir m\u00e1s informaci\u00f3n sobre los viajes y servicios de Sahara <span style=\"color: #000000;\"><a style=\"color: #000000;\" href=\"https:\/\/es.wikipedia.org\/wiki\/Marruecos\">Morocco<\/a><\/span> Tours o deseas un presupuesto espec\u00edfico, por favor, rellene los datos solicitados a continuaci\u00f3n. Estos datos ser\u00e1n tratados confidencialmente s\u00f3lo por\u00a0<\/p><p>Comprobaremos la disponibilidad de su tour seleccionado y le informaremos lo antes posible.<br \/>Tambi\u00e9n puede utilizar este formulario para solicitar nuestro folleto o m\u00e1s informaci\u00f3n sobre nuestros tours.<\/p>\t\t\t\t\t\t\t\t<\/div>\n\t\t\t\t<\/div>\n\t\t\t\t\t<\/div>\n\t\t<\/div>\n\t\t\t\t\t<\/div>\n\t\t<\/section>\n\t\t\t\t<section class=\"elementor-section elementor-top-section elementor-element elementor-element-1f96e06 elementor-section-boxed elementor-section-height-default elementor-section-height-default\" data-id=\"1f96e06\" data-element_type=\"section\" data-e-type=\"section\">\n\t\t\t\t\t\t<div class=\"elementor-container elementor-column-gap-default\">\n\t\t\t\t\t<div class=\"elementor-column elementor-col-100 elementor-top-column elementor-element elementor-element-d5954cc\" data-id=\"d5954cc\" data-element_type=\"column\" data-e-type=\"column\">\n\t\t\t<div class=\"elementor-widget-wrap elementor-element-populated\">\n\t\t\t\t\t\t<div class=\"elementor-element elementor-element-0d68838 elementor-widget elementor-widget-wpforms\" data-id=\"0d68838\" data-element_type=\"widget\" data-e-type=\"widget\" data-widget_type=\"wpforms.default\">\n\t\t\t\t<div class=\"elementor-widget-container\">\n\t\t\t\t\t<div class=\"wpforms-container wpforms-container-full\" id=\"wpforms-334\"><form id=\"wpforms-form-334\" class=\"wpforms-validate wpforms-form wpforms-ajax-form\" data-formid=\"334\" method=\"post\" enctype=\"multipart\/form-data\" action=\"\/es\/wp-json\/wp\/v2\/pages\/322\" data-token=\"d2bd6bb3f117da8f147478effbd116eb\" data-token-time=\"1775823694\"><noscript class=\"wpforms-error-noscript\">Please enable JavaScript in your browser to complete this form.<\/noscript><div class=\"wpforms-field-container\"><div id=\"wpforms-334-field_0-container\" class=\"wpforms-field wpforms-field-name\" data-field-id=\"0\"><label class=\"wpforms-field-label\" for=\"wpforms-334-field_0\">Nombre completo <span class=\"wpforms-required-label\">*<\/span><\/label><input type=\"text\" id=\"wpforms-334-field_0\" class=\"wpforms-field-medium wpforms-field-required\" name=\"wpforms[fields][0]\" required><\/div><div id=\"wpforms-334-field_1-container\" class=\"wpforms-field wpforms-field-email\" data-field-id=\"1\"><label class=\"wpforms-field-label\" for=\"wpforms-334-field_1\">Correo electr\u00f3nico <span class=\"wpforms-required-label\">*<\/span><\/label><input type=\"email\" id=\"wpforms-334-field_1\" class=\"wpforms-field-medium wpforms-field-required\" name=\"wpforms[fields][1]\" spellcheck=\"false\" required><\/div><div id=\"wpforms-334-field_3-container\" class=\"wpforms-field wpforms-field-text\" data-field-id=\"3\"><label class=\"wpforms-field-label\" for=\"wpforms-334-field_3\">El tour que le interesa<\/label><input type=\"text\" id=\"wpforms-334-field_3\" class=\"wpforms-field-medium\" name=\"wpforms[fields][3]\" ><\/div><div id=\"wpforms-334-field_4-container\" class=\"wpforms-field wpforms-field-text\" data-field-id=\"4\"><label class=\"wpforms-field-label\" for=\"wpforms-334-field_4\">Fecha del tour<\/label><input type=\"text\" id=\"wpforms-334-field_4\" class=\"wpforms-field-medium\" name=\"wpforms[fields][4]\" ><\/div><div id=\"wpforms-334-field_7-container\" class=\"wpforms-field wpforms-field-text\" data-field-id=\"7\"><label class=\"wpforms-field-label\" for=\"wpforms-334-field_7\">Pa\u00eds<\/label><input type=\"text\" id=\"wpforms-334-field_7\" class=\"wpforms-field-medium\" name=\"wpforms[fields][7]\" ><\/div><div id=\"wpforms-334-field_6-container\" class=\"wpforms-field wpforms-field-text\" data-field-id=\"6\"><label class=\"wpforms-field-label\" for=\"wpforms-334-field_6\">N\u00famero de tel\u00e9fono<\/label><input type=\"text\" id=\"wpforms-334-field_6\" class=\"wpforms-field-medium\" name=\"wpforms[fields][6]\" ><\/div><div id=\"wpforms-334-field_5-container\" class=\"wpforms-field wpforms-field-checkbox\" data-field-id=\"5\"><label class=\"wpforms-field-label\">Categor\u00eda de hoteles:<\/label><ul id=\"wpforms-334-field_5\"><li class=\"choice-1 depth-1\"><input type=\"checkbox\" id=\"wpforms-334-field_5_1\" name=\"wpforms[fields][5][]\" value=\"Hoteles de lujo\"  ><label class=\"wpforms-field-label-inline\" for=\"wpforms-334-field_5_1\">Hoteles de lujo<\/label><\/li><li class=\"choice-2 depth-1\"><input type=\"checkbox\" id=\"wpforms-334-field_5_2\" name=\"wpforms[fields][5][]\" value=\"Hoteles est\u00e1ndar\"  ><label class=\"wpforms-field-label-inline\" for=\"wpforms-334-field_5_2\">Hoteles est\u00e1ndar<\/label><\/li><\/ul><\/div><div id=\"wpforms-334-field_2-container\" class=\"wpforms-field wpforms-field-textarea\" data-field-id=\"2\"><label class=\"wpforms-field-label\" for=\"wpforms-334-field_2\">Mensaje<\/label><textarea id=\"wpforms-334-field_2\" class=\"wpforms-field-medium\" name=\"wpforms[fields][2]\" ><\/textarea><\/div><\/div><!-- .wpforms-field-container --><div class=\"wpforms-recaptcha-container wpforms-is-recaptcha wpforms-is-recaptcha-type-v2\" ><div class=\"g-recaptcha\" data-sitekey=\"6LefOwcjAAAAAJvddBBIqi7cLwRb-pz2xT_YRoEV\"><\/div><input type=\"text\" name=\"g-recaptcha-hidden\" class=\"wpforms-recaptcha-hidden\" style=\"position:absolute!important;clip:rect(0,0,0,0)!important;height:1px!important;width:1px!important;border:0!important;overflow:hidden!important;padding:0!important;margin:0!important;\" data-rule-recaptcha=\"1\"><\/div><div class=\"wpforms-submit-container\" ><input type=\"hidden\" name=\"wpforms[id]\" value=\"334\"><input type=\"hidden\" name=\"page_title\" value=\"\"><input type=\"hidden\" name=\"page_url\" value=\"https:\/\/saharamoroccotours.com\/es\/wp-json\/wp\/v2\/pages\/322\"><input type=\"hidden\" name=\"url_referer\" value=\"\"><button type=\"submit\" name=\"wpforms[submit]\" id=\"wpforms-submit-334\" class=\"wpforms-submit\" data-alt-text=\"Enviando...\" data-submit-text=\"Enviar\" aria-live=\"assertive\" value=\"wpforms-submit\">Enviar<\/button><img decoding=\"async\" src=\"https:\/\/saharamoroccotours.com\/es\/wp-content\/plugins\/wpforms-lite\/assets\/images\/submit-spin.svg\" class=\"wpforms-submit-spinner\" style=\"display: none;\" width=\"26\" height=\"26\" alt=\"Loading\"><\/div><\/form><\/div>  <!-- .wpforms-container -->\t\t\t\t<\/div>\n\t\t\t\t<\/div>\n\t\t\t\t\t<\/div>\n\t\t<\/div>\n\t\t\t\t\t<\/div>\n\t\t<\/section>\n\t\t\t\t<\/div>\n\t\t","protected":false},"excerpt":{"rendered":"<p>Cont\u00e1ctenos Sahara Morocco Tours, Ofrecemos Tours y Excursiones por todo Marruecos como Marrakech, Casablanca, T\u00e1nger, Agadir, Rabat, Fez&#8230;etc. Disponible en: Ingl\u00e9s Italian Cont\u00e1ctenos Si est\u00e1s interesado en recibir m\u00e1s informaci\u00f3n sobre los viajes y servicios de Sahara Morocco Tours o &hellip; <a href=\"https:\/\/saharamoroccotours.com\/es\/contacto\/\">Read More<\/a><\/p>\n","protected":false},"author":1,"featured_media":3816,"parent":0,"menu_order":0,"comment_status":"closed","ping_status":"closed","template":"","meta":{"_joinchat":[],"footnotes":""},"class_list":["post-322","page","type-page","status-publish","has-post-thumbnail","hentry"],"yoast_head":"<!-- This site is optimized with the Yoast SEO plugin v27.3 - https:\/\/yoast.com\/product\/yoast-seo-wordpress\/ -->\n<title>Cont\u00e1ctenos - Sahara Morocco Tours<\/title>\n<meta name=\"description\" content=\"Cont\u00e1ctenos - Sahara Morocco Tours, Tours Desierto Marruecos, Viajes y Excursiones por Marruecos, Circuitos por Ciudades Imperiales y Costa\" \/>\n<meta name=\"robots\" content=\"index, follow, max-snippet:-1, max-image-preview:large, max-video-preview:-1\" \/>\n<link rel=\"canonical\" href=\"https:\/\/saharamoroccotours.com\/es\/contacto\/\" \/>\n<meta property=\"og:locale\" content=\"en_US\" \/>\n<meta property=\"og:type\" content=\"article\" \/>\n<meta property=\"og:title\" content=\"Cont\u00e1ctenos - Sahara Morocco Tours\" \/>\n<meta property=\"og:description\" content=\"Cont\u00e1ctenos - Sahara Morocco Tours, Tours Desierto Marruecos, Viajes y Excursiones por Marruecos, Circuitos por Ciudades Imperiales y Costa\" \/>\n<meta property=\"og:url\" content=\"https:\/\/saharamoroccotours.com\/es\/contacto\/\" \/>\n<meta property=\"og:site_name\" content=\"Sahara Morocco Tours\" \/>\n<meta property=\"article:publisher\" content=\"https:\/\/www.facebook.com\/saharamoroccotours\" \/>\n<meta property=\"article:modified_time\" content=\"2024-01-19T12:08:09+00:00\" \/>\n<meta property=\"og:image\" content=\"https:\/\/saharamoroccotours.com\/es\/wp-content\/uploads\/2023\/06\/julian-hochgesang-psGV5KhidlY-unsplash_1200x628.jpg\" \/>\n\t<meta property=\"og:image:width\" content=\"1200\" \/>\n\t<meta property=\"og:image:height\" content=\"628\" \/>\n\t<meta property=\"og:image:type\" content=\"image\/jpeg\" \/>\n<meta name=\"twitter:card\" content=\"summary_large_image\" \/>\n<meta name=\"twitter:site\" content=\"@saharamoroccot\" \/>\n<meta name=\"twitter:label1\" content=\"Est. reading time\" \/>\n\t<meta name=\"twitter:data1\" content=\"1 minute\" \/>\n<script type=\"application\/ld+json\" class=\"yoast-schema-graph\">{\"@context\":\"https:\\\/\\\/schema.org\",\"@graph\":[{\"@type\":\"WebPage\",\"@id\":\"https:\\\/\\\/saharamoroccotours.com\\\/es\\\/contacto\\\/\",\"url\":\"https:\\\/\\\/saharamoroccotours.com\\\/es\\\/contacto\\\/\",\"name\":\"Cont\u00e1ctenos - Sahara Morocco Tours\",\"isPartOf\":{\"@id\":\"https:\\\/\\\/saharamoroccotours.com\\\/es\\\/#website\"},\"primaryImageOfPage\":{\"@id\":\"https:\\\/\\\/saharamoroccotours.com\\\/es\\\/contacto\\\/#primaryimage\"},\"image\":{\"@id\":\"https:\\\/\\\/saharamoroccotours.com\\\/es\\\/contacto\\\/#primaryimage\"},\"thumbnailUrl\":\"https:\\\/\\\/saharamoroccotours.com\\\/es\\\/wp-content\\\/uploads\\\/2023\\\/06\\\/julian-hochgesang-psGV5KhidlY-unsplash_1200x628.jpg\",\"datePublished\":\"2022-11-14T14:17:25+00:00\",\"dateModified\":\"2024-01-19T12:08:09+00:00\",\"description\":\"Cont\u00e1ctenos - Sahara Morocco Tours, Tours Desierto Marruecos, Viajes y Excursiones por Marruecos, Circuitos por Ciudades Imperiales y Costa\",\"breadcrumb\":{\"@id\":\"https:\\\/\\\/saharamoroccotours.com\\\/es\\\/contacto\\\/#breadcrumb\"},\"inLanguage\":\"en-US\",\"potentialAction\":[{\"@type\":\"ReadAction\",\"target\":[\"https:\\\/\\\/saharamoroccotours.com\\\/es\\\/contacto\\\/\"]}]},{\"@type\":\"ImageObject\",\"inLanguage\":\"en-US\",\"@id\":\"https:\\\/\\\/saharamoroccotours.com\\\/es\\\/contacto\\\/#primaryimage\",\"url\":\"https:\\\/\\\/saharamoroccotours.com\\\/es\\\/wp-content\\\/uploads\\\/2023\\\/06\\\/julian-hochgesang-psGV5KhidlY-unsplash_1200x628.jpg\",\"contentUrl\":\"https:\\\/\\\/saharamoroccotours.com\\\/es\\\/wp-content\\\/uploads\\\/2023\\\/06\\\/julian-hochgesang-psGV5KhidlY-unsplash_1200x628.jpg\",\"width\":1200,\"height\":628,\"caption\":\"Cont\u00e1ctenos\"},{\"@type\":\"BreadcrumbList\",\"@id\":\"https:\\\/\\\/saharamoroccotours.com\\\/es\\\/contacto\\\/#breadcrumb\",\"itemListElement\":[{\"@type\":\"ListItem\",\"position\":1,\"name\":\"Home\",\"item\":\"https:\\\/\\\/saharamoroccotours.com\\\/es\\\/\"},{\"@type\":\"ListItem\",\"position\":2,\"name\":\"Contacto\"}]},{\"@type\":\"WebSite\",\"@id\":\"https:\\\/\\\/saharamoroccotours.com\\\/es\\\/#website\",\"url\":\"https:\\\/\\\/saharamoroccotours.com\\\/es\\\/\",\"name\":\"Sahara Morocco Tours\",\"description\":\"Viajes a Marruecos\",\"publisher\":{\"@id\":\"https:\\\/\\\/saharamoroccotours.com\\\/es\\\/#organization\"},\"potentialAction\":[{\"@type\":\"SearchAction\",\"target\":{\"@type\":\"EntryPoint\",\"urlTemplate\":\"https:\\\/\\\/saharamoroccotours.com\\\/es\\\/?s={search_term_string}\"},\"query-input\":{\"@type\":\"PropertyValueSpecification\",\"valueRequired\":true,\"valueName\":\"search_term_string\"}}],\"inLanguage\":\"en-US\"},{\"@type\":\"Organization\",\"@id\":\"https:\\\/\\\/saharamoroccotours.com\\\/es\\\/#organization\",\"name\":\"Sahara Morocco Tours\",\"url\":\"https:\\\/\\\/saharamoroccotours.com\\\/es\\\/\",\"logo\":{\"@type\":\"ImageObject\",\"inLanguage\":\"en-US\",\"@id\":\"https:\\\/\\\/saharamoroccotours.com\\\/es\\\/#\\\/schema\\\/logo\\\/image\\\/\",\"url\":\"https:\\\/\\\/saharamoroccotours.com\\\/es\\\/wp-content\\\/uploads\\\/2022\\\/10\\\/mini-logo.png\",\"contentUrl\":\"https:\\\/\\\/saharamoroccotours.com\\\/es\\\/wp-content\\\/uploads\\\/2022\\\/10\\\/mini-logo.png\",\"width\":250,\"height\":100,\"caption\":\"Sahara Morocco Tours\"},\"image\":{\"@id\":\"https:\\\/\\\/saharamoroccotours.com\\\/es\\\/#\\\/schema\\\/logo\\\/image\\\/\"},\"sameAs\":[\"https:\\\/\\\/www.facebook.com\\\/saharamoroccotours\",\"https:\\\/\\\/x.com\\\/saharamoroccot\"]}]}<\/script>\n<!-- \/ Yoast SEO plugin. -->","yoast_head_json":{"title":"Cont\u00e1ctenos - Sahara Morocco Tours","description":"Cont\u00e1ctenos - Sahara Morocco Tours, Tours Desierto Marruecos, Viajes y Excursiones por Marruecos, Circuitos por Ciudades Imperiales y Costa","robots":{"index":"index","follow":"follow","max-snippet":"max-snippet:-1","max-image-preview":"max-image-preview:large","max-video-preview":"max-video-preview:-1"},"canonical":"https:\/\/saharamoroccotours.com\/es\/contacto\/","og_locale":"en_US","og_type":"article","og_title":"Cont\u00e1ctenos - Sahara Morocco Tours","og_description":"Cont\u00e1ctenos - Sahara Morocco Tours, Tours Desierto Marruecos, Viajes y Excursiones por Marruecos, Circuitos por Ciudades Imperiales y Costa","og_url":"https:\/\/saharamoroccotours.com\/es\/contacto\/","og_site_name":"Sahara Morocco Tours","article_publisher":"https:\/\/www.facebook.com\/saharamoroccotours","article_modified_time":"2024-01-19T12:08:09+00:00","og_image":[{"width":1200,"height":628,"url":"https:\/\/saharamoroccotours.com\/es\/wp-content\/uploads\/2023\/06\/julian-hochgesang-psGV5KhidlY-unsplash_1200x628.jpg","type":"image\/jpeg"}],"twitter_card":"summary_large_image","twitter_site":"@saharamoroccot","twitter_misc":{"Est. reading time":"1 minute"},"schema":{"@context":"https:\/\/schema.org","@graph":[{"@type":"WebPage","@id":"https:\/\/saharamoroccotours.com\/es\/contacto\/","url":"https:\/\/saharamoroccotours.com\/es\/contacto\/","name":"Cont\u00e1ctenos - Sahara Morocco Tours","isPartOf":{"@id":"https:\/\/saharamoroccotours.com\/es\/#website"},"primaryImageOfPage":{"@id":"https:\/\/saharamoroccotours.com\/es\/contacto\/#primaryimage"},"image":{"@id":"https:\/\/saharamoroccotours.com\/es\/contacto\/#primaryimage"},"thumbnailUrl":"https:\/\/saharamoroccotours.com\/es\/wp-content\/uploads\/2023\/06\/julian-hochgesang-psGV5KhidlY-unsplash_1200x628.jpg","datePublished":"2022-11-14T14:17:25+00:00","dateModified":"2024-01-19T12:08:09+00:00","description":"Cont\u00e1ctenos - Sahara Morocco Tours, Tours Desierto Marruecos, Viajes y Excursiones por Marruecos, Circuitos por Ciudades Imperiales y Costa","breadcrumb":{"@id":"https:\/\/saharamoroccotours.com\/es\/contacto\/#breadcrumb"},"inLanguage":"en-US","potentialAction":[{"@type":"ReadAction","target":["https:\/\/saharamoroccotours.com\/es\/contacto\/"]}]},{"@type":"ImageObject","inLanguage":"en-US","@id":"https:\/\/saharamoroccotours.com\/es\/contacto\/#primaryimage","url":"https:\/\/saharamoroccotours.com\/es\/wp-content\/uploads\/2023\/06\/julian-hochgesang-psGV5KhidlY-unsplash_1200x628.jpg","contentUrl":"https:\/\/saharamoroccotours.com\/es\/wp-content\/uploads\/2023\/06\/julian-hochgesang-psGV5KhidlY-unsplash_1200x628.jpg","width":1200,"height":628,"caption":"Cont\u00e1ctenos"},{"@type":"BreadcrumbList","@id":"https:\/\/saharamoroccotours.com\/es\/contacto\/#breadcrumb","itemListElement":[{"@type":"ListItem","position":1,"name":"Home","item":"https:\/\/saharamoroccotours.com\/es\/"},{"@type":"ListItem","position":2,"name":"Contacto"}]},{"@type":"WebSite","@id":"https:\/\/saharamoroccotours.com\/es\/#website","url":"https:\/\/saharamoroccotours.com\/es\/","name":"Sahara Morocco Tours","description":"Viajes a Marruecos","publisher":{"@id":"https:\/\/saharamoroccotours.com\/es\/#organization"},"potentialAction":[{"@type":"SearchAction","target":{"@type":"EntryPoint","urlTemplate":"https:\/\/saharamoroccotours.com\/es\/?s={search_term_string}"},"query-input":{"@type":"PropertyValueSpecification","valueRequired":true,"valueName":"search_term_string"}}],"inLanguage":"en-US"},{"@type":"Organization","@id":"https:\/\/saharamoroccotours.com\/es\/#organization","name":"Sahara Morocco Tours","url":"https:\/\/saharamoroccotours.com\/es\/","logo":{"@type":"ImageObject","inLanguage":"en-US","@id":"https:\/\/saharamoroccotours.com\/es\/#\/schema\/logo\/image\/","url":"https:\/\/saharamoroccotours.com\/es\/wp-content\/uploads\/2022\/10\/mini-logo.png","contentUrl":"https:\/\/saharamoroccotours.com\/es\/wp-content\/uploads\/2022\/10\/mini-logo.png","width":250,"height":100,"caption":"Sahara Morocco Tours"},"image":{"@id":"https:\/\/saharamoroccotours.com\/es\/#\/schema\/logo\/image\/"},"sameAs":["https:\/\/www.facebook.com\/saharamoroccotours","https:\/\/x.com\/saharamoroccot"]}]}},"_links":{"self":[{"href":"https:\/\/saharamoroccotours.com\/es\/wp-json\/wp\/v2\/pages\/322","targetHints":{"allow":["GET"]}}],"collection":[{"href":"https:\/\/saharamoroccotours.com\/es\/wp-json\/wp\/v2\/pages"}],"about":[{"href":"https:\/\/saharamoroccotours.com\/es\/wp-json\/wp\/v2\/types\/page"}],"author":[{"embeddable":true,"href":"https:\/\/saharamoroccotours.com\/es\/wp-json\/wp\/v2\/users\/1"}],"replies":[{"embeddable":true,"href":"https:\/\/saharamoroccotours.com\/es\/wp-json\/wp\/v2\/comments?post=322"}],"version-history":[{"count":25,"href":"https:\/\/saharamoroccotours.com\/es\/wp-json\/wp\/v2\/pages\/322\/revisions"}],"predecessor-version":[{"id":6401,"href":"https:\/\/saharamoroccotours.com\/es\/wp-json\/wp\/v2\/pages\/322\/revisions\/6401"}],"wp:featuredmedia":[{"embeddable":true,"href":"https:\/\/saharamoroccotours.com\/es\/wp-json\/wp\/v2\/media\/3816"}],"wp:attachment":[{"href":"https:\/\/saharamoroccotours.com\/es\/wp-json\/wp\/v2\/media?parent=322"}],"curies":[{"name":"wp","href":"https:\/\/api.w.org\/{rel}","templated":true}]}}