{"id":4481,"date":"2023-07-23T18:26:40","date_gmt":"2023-07-23T18:26:40","guid":{"rendered":"https:\/\/saharamoroccotours.com\/es\/?page_id=4481"},"modified":"2023-07-23T18:33:43","modified_gmt":"2023-07-23T18:33:43","slug":"blog","status":"publish","type":"page","link":"https:\/\/saharamoroccotours.com\/es\/blog\/","title":{"rendered":"Blog"},"content":{"rendered":"\n<h2 class=\"wp-block-heading\" id=\"h-blog-de-viajes-a-marruecos\">Blog de Viajes a Marruecos<\/h2>\n\n\n\n<p>Bienvenidos al Blog de Viajes a Marruecos, hemos creado este blog para presentar a nuestros clientes lo mejor de Marruecos, aqu\u00ed pueden contar la experiencias que pueden vivir con nosotros en nuestros viajes.<\/p>\n\n\n\n<p>Marruecos es un pa\u00eds fascinante, lleno de contrastes, y una experiencia \u00fanica e inolvidable que no te puedes perder por nada del mundo. Pasea por sus medinas y pi\u00e9rdete en sus laber\u00ednticas calles, compra y regatea en sus mercados y tiendas de artesan\u00eda, llenos de colores y olores, descubre sus tradiciones, Disfrute de la amabilidad de sus gentes, as\u00f3mbrese con la arquitectura de sus palacios, mezquitas y escuelas cor\u00e1nicas, y conozca la profundidad de su historia. y su cultura y d\u00e9jate llevar por todo lo que este pa\u00eds te ofrece.<\/p>\n\n\n\n<h3 class=\"wp-block-heading\">Blog de Viajes a Marruecos: Consejos :<\/h3>\n\n\n\n<p>El clima de Marruecos var\u00eda seg\u00fan la regi\u00f3n del pa\u00eds. En el norte de Marruecos se disfruta de un clima mediterr\u00e1neo con veranos abrasadores e inviernos moderados y h\u00famedos.<\/p>\n\n\n\n<p>En la regi\u00f3n del Atlas, los veranos son calurosos y los inviernos fr\u00edos, con m\u00ednimas de 0 \u00b0C. Los veranos son m\u00e1s suaves y los inviernos m\u00e1s fr\u00edos.<\/p>\n\n\n\n<p>Los veranos son m\u00e1s suaves y los inviernos m\u00e1s h\u00famedos en la costa atl\u00e1ntica marroqu\u00ed.<\/p>\n\n\n\n<p>Marrakech registra m\u00e1ximas estivales de 38 \u00b0C y m\u00ednimas primaverales de 21 \u00b0C de media.<\/p>\n\n\n\n<p>Seg\u00fan los expertos, cualquier \u00e9poca es buena para visitar Marruecos. Mis estaciones favoritas son la primavera y el oto\u00f1o, por su clima m\u00e1s suave y agradable.<\/p>\n\n\n\n<p>Se aconseja reservar cierto tiempo para el viaje, dependiendo de la regi\u00f3n que vayamos a visitar. Para unas vacaciones en Marrakech, lo ideal son 4 \u00f3 6 d\u00edas, pero si queremos explorar el desierto, se necesitan al menos 7 d\u00edas. La regi\u00f3n norte, que incluye Tetu\u00e1n, Fez y Chaouen, puede explorarse en no menos de 10 d\u00edas.<\/p>\n\n\n\n<p>Vuelo: Aconsejamos utilizar el buscador Skyscanner para encontrar vuelos baratos a Marruecos. Desde Espa\u00f1a, contamos con c\u00f3modas conexiones a lugares como Marrakech y Fez.<\/p>\n\n\n\n<p>El \u00e1rabe y el bereber son las dos lenguas oficiales de Marruecos. Pero el ingl\u00e9s se habla en los lugares tur\u00edsticos m\u00e1s populares. Hablar un poco de espa\u00f1ol es bastante frecuente entre los marroqu\u00edes del norte.<\/p>\n\n\n\n<p>Los espa\u00f1oles pueden entrar en Marruecos sin visado si tienen un pasaporte v\u00e1lido durante al menos seis meses.<\/p>\n\n\n\n<p>El rial marroqu\u00ed es la moneda oficial del pa\u00eds. Le aconsejamos que realice su solicitud de cambio de moneda en Exact Change. El mejor cambio se realiza en casa sin comisiones.<\/p>\n\n\n\n<p>Seguro de viaje: Contar con un seguro fiable es necesario cuando se visita Marruecos. Le dejamos un 5% de descuento en el mejor seguro de viaje, Iati.<\/p>\n\n\n\n<p>Sahara Morocco Tours ofrece viajes para parejas, familias, amigos y viajeros individuales. Nuestros viajes le llevar\u00e1n por paisajes marroqu\u00edes \u00fanicos al aire libre y le ofrecer\u00e1n experiencias culturales y de viaje \u00fanicas. Las posibilidades incluyen una excursi\u00f3n en camello por el desierto que sigue las antiguas rutas de caravanas utilizadas para el comercio de especias. Otra posibilidad ser\u00eda una exclusiva excursi\u00f3n de lujo por el desierto aloj\u00e1ndose en campamentos bereberes tradicionales. Nuestros viajes a medida tambi\u00e9n pueden incluir todas las principales ciudades imperiales de Marruecos i<\/p>\n\n\n\n<p>Sahara Morocco Tours es un equipo bereber que ofrece viajes por Marruecos en ingl\u00e9s, espa\u00f1ol, \u00e1rabe y, por supuesto, bereber. Nuestro equipo disfruta de la sencillez de la vida en el desierto y encuentra gran satisfacci\u00f3n en revelar los tranquilos n\u00f3madas del sur. Sahara Morocco Tours tiene muchos a\u00f1os de experiencia guiando a viajeros por Marruecos. Somos un equipo amable, paciente, conocedor y atento que tiene todas las cualidades necesarias para mantener una empresa de viajes exitosa y tradicional. Con nosotros, descubrir\u00e1 el verdadero Marruecos. Las opciones son variadas y estamos aqu\u00ed para proporcionarle un viaje inolvidable a Marruecos. \u00a1P\u00f3ngase en contacto con nosotros ahora y planifique su viaje!<\/p>\n\n\n\n<p>Nuestra misi\u00f3n es proporcionar opciones para viajes privados a Marruecos y viajes de senderismo a Marruecos. Sahara Morocco Tours ofrece tours para parejas, familias, amigos y viajeros individuales. Nuestros viajes le llevar\u00e1 a trav\u00e9s de paisajes \u00fanicos de Marruecos al aire libre y ofrecen experiencias culturales y de viaje \u00fanico en su tipo. Las posibilidades incluyen una excursi\u00f3n en camello por el desierto que sigue las antiguas rutas de caravanas utilizadas para el comercio de especias. Otra posibilidad ser\u00eda una exclusiva excursi\u00f3n de lujo por el desierto aloj\u00e1ndose en campamentos bereberes tradicionales. Nuestros viajes a medida tambi\u00e9n pueden incluir las principales ciudades imperiales de Marruecos, como Marrakech, Fez y Meknes.<\/p>\n\n\n\n<p>Gu\u00edas Privados En Marruecos, &#8220;Sahara Morocco Tours&#8221; organiza tours privados por Marruecos con profesionales, conocedores de la ciudad y gu\u00edas personales del desierto. Nuestra empresa cuenta con m\u00e1s de muchos a\u00f1os de experiencia combinada, el conocimiento y el respeto. Nuestros gu\u00edas le mostrar\u00e1n lo mejor de Marruecos.<\/p>\n\n\n\n<p>Introduciendo un m\u00e9todo \u00fanico para explorar destinos. Nuestro objetivo es huir de los recorridos tur\u00edsticos m\u00e1s t\u00edpicos del pa\u00eds, trabajando con lugare\u00f1os, n\u00f3madas y bereberes para que su viaje sea m\u00e1s aut\u00e9ntico. Nos encanta llevar a nuestros visitantes a lugares que son muy populares entre los lugare\u00f1os, de esta manera captan una comprensi\u00f3n del estilo de vida marroqu\u00ed. Tambi\u00e9n trabajamos muy bien con personas de todas las edades y procedencias.<\/p>\n\n\n\n<p>El objetivo de nuestra agencia &#8220;Sahara Morocco Tours&#8221; es despertar el deseo y el placer del descubrimiento, en el ambiente y la tolerancia.<\/p>\n\n\n\n<p>Viajar con nosotros es tambi\u00e9n la garant\u00eda de tener acceso a lo mejor con total seguridad y tambi\u00e9n de tocar una experiencia \u00fanica humana: nuestros equipos son adecuados para un verdadero encuentro con los que hacen todo el encanto y la magia de Marruecos.<\/p>\n\n\n\n<p>Gran gira de Marruecos a las ciudades imperiales, la costa y el desierto de Casablanca es una visita tur\u00edstica obligada destinada a un pueblo en busca de descubrimiento y la cultura equilibrada pasos y un ritmo agradable para un enfoque completo de Marruecos. La cordillera del Atlas, salpicada de pueblecitos, las bellas ciudades costeras de playa y las grandes dunas del desierto del S\u00e1hara, y la antigua Medina de las ciudades imperiales. Marruecos tiene muchas capas que explorar. Su larga historia ha visto bereberes, invasiones romanas, conquistas isl\u00e1micas y colonizaci\u00f3n europea, todo lo cual ha dejado arquitectura, tradiciones y estilo de vida.www.saharamoroccotours.com<\/p>\n\n\n\n<h2 class=\"wp-block-heading\">Las mejores cosas que hacer en Marruecos<\/h2>\n\n\n\n<h3 class=\"wp-block-heading\">Ciudad de Meknes<\/h3>\n\n\n\n<p>Otra ciudad antigua que hay que visitar. Tambi\u00e9n se la conoce como la ciudad de los cien minaretes. Y, efectivamente, es famosa por sus monumentos arquitect\u00f3nicos. Merece la pena ver la mayor puerta de la ciudad en el norte de \u00c1frica, Bab Mansour, la residencia museo de arte marroqu\u00ed Dar Jamai, el mausoleo y el granero real. mucha gente toma Marruecos Tours<\/p>\n\n\n\n<h3 class=\"wp-block-heading\">Macizo de arena de Erg Chebbi.<\/h3>\n\n\n\n<p>Una de las principales atracciones naturales de Marruecos. Se trae aqu\u00ed a los turistas como parte de una excursi\u00f3n para contemplar las dunas y montar en camello. Algunas excursiones incluyen pernoctaciones en tiendas y degustaci\u00f3n de platos nacionales.<\/p>\n\n\n\n<h3 class=\"wp-block-heading\">Grutas de H\u00e9rcules<\/h3>\n\n\n\n<p>Las Grutas se encuentran cerca de la ciudad de T\u00e1nger, a orillas del mar. El agua ha arrastrado todos los minerales, por lo que se han formado cuevas en su interior. Antes se extra\u00edan minerales, pero ahora es una atracci\u00f3n tur\u00edstica.<\/p>\n\n\n\n<p>Seg\u00fan la leyenda, en estas grutas durmi\u00f3 H\u00e9rcules la noche antes de robar la manzana de oro en el jard\u00edn de las Hesp\u00e9rides. As\u00ed lo cuenta Rambler. Siguiente: https:\/\/travel.rambler.ru\/abroad\/50671641\/?utm_content=travel_media&amp;utm_medium=read_more&amp;utm_source=copylink<\/p>\n\n\n\n<h3 class=\"wp-block-heading\">CASABLANCA<\/h3>\n\n\n\n<p>La ciudad de Casablanca, situada en la costa atl\u00e1ntica, es tan popular como las ciudades imperiales de Marruecos (las que tienen o tuvieron anteriormente la categor\u00eda de capital). Su rasgo distintivo es la abundancia de edificios blancos.<\/p>\n\n\n\n<p>En la Edad Media, <a href=\"https:\/\/es.wikipedia.org\/wiki\/Casablanca\">Casablanca<\/a> se llamaba Anfa y era una ciudad rica. Despu\u00e9s fue destruida repetidamente tanto por el hombre como por cat\u00e1strofes naturales. La ciudad creci\u00f3 r\u00e1pidamente bajo el dominio franc\u00e9s.<\/p>\n\n\n\n<p>La mezquita Hassan II de Casablanca es una maravilla arquitect\u00f3nica y uno de los mayores templos isl\u00e1micos del mundo. Las altas torres gemelas del centro de negocios, que simbolizan la prosperidad econ\u00f3mica de Marruecos, tambi\u00e9n merecen la atenci\u00f3n de los turistas. La ciudad es tambi\u00e9n la iglesia cat\u00f3lica de Notre Dame de Lourdes, construido en el siglo XX y el barrio de Habous, construido por los franceses. para visitar m\u00e1s ciudades importantes en Marruecos que tiene que hacer el 8 D\u00edas Desierto Tour Desde Casablanca<\/p>\n\n\n\n<h3 class=\"wp-block-heading\">Blog de Viajes a Marruecos: Meknes<\/h3>\n\n\n\n<p>Meknes es una ciudad marroqu\u00ed que combina rasgos isl\u00e1micos y europeos en su arquitectura. Fundada en el siglo VIII, esper\u00f3 su momento de esplendor en 1673, cuando el sult\u00e1n Ismail orden\u00f3 la construcci\u00f3n de lujosos palacios, jardines con plantas ex\u00f3ticas, fuentes y estanques, y la erecci\u00f3n de murallas de fortaleza.<\/p>\n\n\n\n<h3 class=\"wp-block-heading\">Agadir<\/h3>\n\n\n\n<p>Agadir es el centro tur\u00edstico m\u00e1s popular del reino. Su playa de arena en la costa atl\u00e1ntica se extiende a lo largo de 10 km. En una bah\u00eda poco profunda, al abrigo de las olas, el agua est\u00e1 bien climatizada. La playa de Taghazut es el lugar favorito de los surfistas, donde se pueden coger olas sin molestar a otros veraneantes.<\/p>\n\n\n\n<p>Sin embargo, Agadir no s\u00f3lo atrae a los amantes del sol. En una alta colina se alza la Kasbah, un combate fortificado construido en el siglo XVI. El Museo Bereber sorprende con artefactos del antiguo pueblo. En el Parque de las Aves se pueden ver los habitantes emplumados, as\u00ed como algunos animales. Y el mercado de El Ahad es el mayor de la regi\u00f3n, el tercero del Norte de \u00c1frica.<\/p>\n\n\n\n<h3 class=\"wp-block-heading\">Ouarzazate<\/h3>\n\n\n\n<p>La ciudad de Urzazate es la capital de la industria cinematogr\u00e1fica marroqu\u00ed (su segundo nombre no oficial es Walliwood). Aqu\u00ed se han rodado m\u00e1s de 50 pel\u00edculas, entre ellas &#8220;Lawrence de Arabia&#8221;, &#8220;Gladiator&#8221;, &#8220;Las aventuras de Ast\u00e9rix y Ob\u00e9lix&#8221;, &#8220;Juego de Tronos&#8221; y la famosa serie brasile\u00f1a &#8220;Clon&#8221;.<\/p>\n\n\n\n<p>El apogeo cinematogr\u00e1fico de la ciudad lleg\u00f3 en el siglo XX, antes de eso era s\u00f3lo una fortaleza, un entrepuerto en el camino de las caravanas comerciales desde el S\u00e1hara hasta <a href=\"https:\/\/saharamoroccotours.com\/es\/\">Marruecos<\/a>.&nbsp; Tambi\u00e9n puedes hacer el Tour de 3 d\u00edas por el desierto desde Ouarzazate<\/p>\n\n\n\n<h3 class=\"wp-block-heading\">Blog de Viajes a Marruecos: PALACIO EL-BADI<\/h3>\n\n\n\n<p>En Marrakech, podr\u00e1 contemplar las impresionantes ruinas del palacio de El Badi (el nombre se traduce como &#8220;incomparable&#8221;). Su historia se remonta al siglo XVI, cuando el sult\u00e1n Ahmad al-Mansour derrot\u00f3 a las tropas portuguesas que intentaban establecerse en el Norte de \u00c1frica. El soberano oblig\u00f3 a los europeos a pagar un enorme tributo, con el que se construy\u00f3 el palacio. De todo el mundo llegaron los materiales m\u00e1s caros: oro y m\u00e1rmol, granito y cristal, turquesa y \u00f3nice, as\u00ed como maderas valiosas. La residencia estaba rodeada por un amplio patio con piscina, inmerso en flores y naranjos.<\/p>\n\n\n\n<p>Sin embargo, la historia del palacio fue ef\u00edmera. Un siglo despu\u00e9s, el nuevo sult\u00e1n orden\u00f3 desmantelar el edificio y utilizar los valiosos materiales para construir un nuevo palacio. Hoy El Badi se encuentra en estado de abandono, pero a\u00fan conserva su antigua grandeza como obra maestra de la arquitectura morisca. Tiene 360 habitaciones, hay t\u00faneles subterr\u00e1neos y un gran patio que hace que los edificios parezcan estrechos. Cerca de cada edificio hay peque\u00f1as piscinas para recoger el agua de lluvia.<\/p>\n\n\n\n<p>A mediados del siglo XX, cada mes de junio se celebra en el palacio El Badi el Festival Nacional de Folclore Marroqu\u00ed, que re\u00fane a int\u00e9rpretes de canto y danza de todo el pa\u00eds.<\/p>\n\n\n\n<h3 class=\"wp-block-heading\">AIT-BEN-HADDOU<\/h3>\n\n\n\n<p>Al sur de Marruecos se encuentra la escarpada y fabulosa ciudad-fortaleza de Ait-Ben-Haddou. Antiguamente pertenec\u00eda a las belicosas tribus bereberes y serv\u00eda para proteger la ruta comercial de las caravanas. La fortaleza es muy colorida: las numerosas gradas de edificios de arcilla de forma rectangular con tejados planos, rodeados de palmeras datileras en medio del bochornoso desierto. Hasta mediados del siglo XX este lugar no era particularmente conocido por nadie, la fortaleza guardaba el camino de las caravanas hacia la ciudad sagrada de los \u00e1rabes Tombuct\u00fa.<\/p>\n","protected":false},"excerpt":{"rendered":"<p>Blog de Viajes a Marruecos Bienvenidos al Blog de Viajes a Marruecos, hemos creado este blog para presentar a nuestros clientes lo mejor de Marruecos, aqu\u00ed pueden contar la experiencias que pueden vivir con nosotros en nuestros viajes. Marruecos es &hellip; <a href=\"https:\/\/saharamoroccotours.com\/es\/blog\/\">Read More<\/a><\/p>\n","protected":false},"author":1,"featured_media":4482,"parent":0,"menu_order":0,"comment_status":"closed","ping_status":"closed","template":"","meta":{"_joinchat":[],"footnotes":""},"class_list":["post-4481","page","type-page","status-publish","has-post-thumbnail","hentry"],"yoast_head":"<!-- This site is optimized with the Yoast SEO plugin v27.3 - https:\/\/yoast.com\/product\/yoast-seo-wordpress\/ -->\n<title>Blog de Viajes a Marruecos<\/title>\n<meta name=\"description\" content=\"Bienvenidos al Blog de Viajes a Marruecos, hemos creado este blog para presentar a nuestros clientes lo mejor de Marruecos, rutas marruecos.\" \/>\n<meta name=\"robots\" content=\"index, follow, max-snippet:-1, max-image-preview:large, max-video-preview:-1\" \/>\n<link rel=\"canonical\" href=\"https:\/\/saharamoroccotours.com\/es\/blog\/\" \/>\n<meta property=\"og:locale\" content=\"en_US\" \/>\n<meta property=\"og:type\" content=\"article\" \/>\n<meta property=\"og:title\" content=\"Blog de Viajes a Marruecos\" \/>\n<meta property=\"og:description\" content=\"Bienvenidos al Blog de Viajes a Marruecos, hemos creado este blog para presentar a nuestros clientes lo mejor de Marruecos, rutas marruecos.\" \/>\n<meta property=\"og:url\" content=\"https:\/\/saharamoroccotours.com\/es\/blog\/\" \/>\n<meta property=\"og:site_name\" content=\"Sahara Morocco Tours\" \/>\n<meta property=\"article:publisher\" content=\"https:\/\/www.facebook.com\/saharamoroccotours\" \/>\n<meta property=\"article:modified_time\" content=\"2023-07-23T18:33:43+00:00\" \/>\n<meta property=\"og:image\" content=\"https:\/\/saharamoroccotours.com\/es\/wp-content\/uploads\/2023\/07\/saharamoroccotours12_1200x628.jpeg\" \/>\n\t<meta property=\"og:image:width\" content=\"1200\" \/>\n\t<meta property=\"og:image:height\" content=\"628\" \/>\n\t<meta property=\"og:image:type\" content=\"image\/jpeg\" \/>\n<meta name=\"twitter:card\" content=\"summary_large_image\" \/>\n<meta name=\"twitter:site\" content=\"@saharamoroccot\" \/>\n<meta name=\"twitter:label1\" content=\"Est. reading time\" \/>\n\t<meta name=\"twitter:data1\" content=\"9 minutes\" \/>\n<script type=\"application\/ld+json\" class=\"yoast-schema-graph\">{\"@context\":\"https:\\\/\\\/schema.org\",\"@graph\":[{\"@type\":\"WebPage\",\"@id\":\"https:\\\/\\\/saharamoroccotours.com\\\/es\\\/blog\\\/\",\"url\":\"https:\\\/\\\/saharamoroccotours.com\\\/es\\\/blog\\\/\",\"name\":\"Blog de Viajes a Marruecos\",\"isPartOf\":{\"@id\":\"https:\\\/\\\/saharamoroccotours.com\\\/es\\\/#website\"},\"primaryImageOfPage\":{\"@id\":\"https:\\\/\\\/saharamoroccotours.com\\\/es\\\/blog\\\/#primaryimage\"},\"image\":{\"@id\":\"https:\\\/\\\/saharamoroccotours.com\\\/es\\\/blog\\\/#primaryimage\"},\"thumbnailUrl\":\"https:\\\/\\\/saharamoroccotours.com\\\/es\\\/wp-content\\\/uploads\\\/2023\\\/07\\\/saharamoroccotours12_1200x628.jpeg\",\"datePublished\":\"2023-07-23T18:26:40+00:00\",\"dateModified\":\"2023-07-23T18:33:43+00:00\",\"description\":\"Bienvenidos al Blog de Viajes a Marruecos, hemos creado este blog para presentar a nuestros clientes lo mejor de Marruecos, rutas marruecos.\",\"breadcrumb\":{\"@id\":\"https:\\\/\\\/saharamoroccotours.com\\\/es\\\/blog\\\/#breadcrumb\"},\"inLanguage\":\"en-US\",\"potentialAction\":[{\"@type\":\"ReadAction\",\"target\":[\"https:\\\/\\\/saharamoroccotours.com\\\/es\\\/blog\\\/\"]}]},{\"@type\":\"ImageObject\",\"inLanguage\":\"en-US\",\"@id\":\"https:\\\/\\\/saharamoroccotours.com\\\/es\\\/blog\\\/#primaryimage\",\"url\":\"https:\\\/\\\/saharamoroccotours.com\\\/es\\\/wp-content\\\/uploads\\\/2023\\\/07\\\/saharamoroccotours12_1200x628.jpeg\",\"contentUrl\":\"https:\\\/\\\/saharamoroccotours.com\\\/es\\\/wp-content\\\/uploads\\\/2023\\\/07\\\/saharamoroccotours12_1200x628.jpeg\",\"width\":1200,\"height\":628,\"caption\":\"Blog de Viajes a Marruecos\"},{\"@type\":\"BreadcrumbList\",\"@id\":\"https:\\\/\\\/saharamoroccotours.com\\\/es\\\/blog\\\/#breadcrumb\",\"itemListElement\":[{\"@type\":\"ListItem\",\"position\":1,\"name\":\"Home\",\"item\":\"https:\\\/\\\/saharamoroccotours.com\\\/es\\\/\"},{\"@type\":\"ListItem\",\"position\":2,\"name\":\"Blog\"}]},{\"@type\":\"WebSite\",\"@id\":\"https:\\\/\\\/saharamoroccotours.com\\\/es\\\/#website\",\"url\":\"https:\\\/\\\/saharamoroccotours.com\\\/es\\\/\",\"name\":\"Sahara Morocco Tours\",\"description\":\"Viajes a Marruecos\",\"publisher\":{\"@id\":\"https:\\\/\\\/saharamoroccotours.com\\\/es\\\/#organization\"},\"potentialAction\":[{\"@type\":\"SearchAction\",\"target\":{\"@type\":\"EntryPoint\",\"urlTemplate\":\"https:\\\/\\\/saharamoroccotours.com\\\/es\\\/?s={search_term_string}\"},\"query-input\":{\"@type\":\"PropertyValueSpecification\",\"valueRequired\":true,\"valueName\":\"search_term_string\"}}],\"inLanguage\":\"en-US\"},{\"@type\":\"Organization\",\"@id\":\"https:\\\/\\\/saharamoroccotours.com\\\/es\\\/#organization\",\"name\":\"Sahara Morocco Tours\",\"url\":\"https:\\\/\\\/saharamoroccotours.com\\\/es\\\/\",\"logo\":{\"@type\":\"ImageObject\",\"inLanguage\":\"en-US\",\"@id\":\"https:\\\/\\\/saharamoroccotours.com\\\/es\\\/#\\\/schema\\\/logo\\\/image\\\/\",\"url\":\"https:\\\/\\\/saharamoroccotours.com\\\/es\\\/wp-content\\\/uploads\\\/2022\\\/10\\\/mini-logo.png\",\"contentUrl\":\"https:\\\/\\\/saharamoroccotours.com\\\/es\\\/wp-content\\\/uploads\\\/2022\\\/10\\\/mini-logo.png\",\"width\":250,\"height\":100,\"caption\":\"Sahara Morocco Tours\"},\"image\":{\"@id\":\"https:\\\/\\\/saharamoroccotours.com\\\/es\\\/#\\\/schema\\\/logo\\\/image\\\/\"},\"sameAs\":[\"https:\\\/\\\/www.facebook.com\\\/saharamoroccotours\",\"https:\\\/\\\/x.com\\\/saharamoroccot\"]}]}<\/script>\n<!-- \/ Yoast SEO plugin. -->","yoast_head_json":{"title":"Blog de Viajes a Marruecos","description":"Bienvenidos al Blog de Viajes a Marruecos, hemos creado este blog para presentar a nuestros clientes lo mejor de Marruecos, rutas marruecos.","robots":{"index":"index","follow":"follow","max-snippet":"max-snippet:-1","max-image-preview":"max-image-preview:large","max-video-preview":"max-video-preview:-1"},"canonical":"https:\/\/saharamoroccotours.com\/es\/blog\/","og_locale":"en_US","og_type":"article","og_title":"Blog de Viajes a Marruecos","og_description":"Bienvenidos al Blog de Viajes a Marruecos, hemos creado este blog para presentar a nuestros clientes lo mejor de Marruecos, rutas marruecos.","og_url":"https:\/\/saharamoroccotours.com\/es\/blog\/","og_site_name":"Sahara Morocco Tours","article_publisher":"https:\/\/www.facebook.com\/saharamoroccotours","article_modified_time":"2023-07-23T18:33:43+00:00","og_image":[{"width":1200,"height":628,"url":"https:\/\/saharamoroccotours.com\/es\/wp-content\/uploads\/2023\/07\/saharamoroccotours12_1200x628.jpeg","type":"image\/jpeg"}],"twitter_card":"summary_large_image","twitter_site":"@saharamoroccot","twitter_misc":{"Est. reading time":"9 minutes"},"schema":{"@context":"https:\/\/schema.org","@graph":[{"@type":"WebPage","@id":"https:\/\/saharamoroccotours.com\/es\/blog\/","url":"https:\/\/saharamoroccotours.com\/es\/blog\/","name":"Blog de Viajes a Marruecos","isPartOf":{"@id":"https:\/\/saharamoroccotours.com\/es\/#website"},"primaryImageOfPage":{"@id":"https:\/\/saharamoroccotours.com\/es\/blog\/#primaryimage"},"image":{"@id":"https:\/\/saharamoroccotours.com\/es\/blog\/#primaryimage"},"thumbnailUrl":"https:\/\/saharamoroccotours.com\/es\/wp-content\/uploads\/2023\/07\/saharamoroccotours12_1200x628.jpeg","datePublished":"2023-07-23T18:26:40+00:00","dateModified":"2023-07-23T18:33:43+00:00","description":"Bienvenidos al Blog de Viajes a Marruecos, hemos creado este blog para presentar a nuestros clientes lo mejor de Marruecos, rutas marruecos.","breadcrumb":{"@id":"https:\/\/saharamoroccotours.com\/es\/blog\/#breadcrumb"},"inLanguage":"en-US","potentialAction":[{"@type":"ReadAction","target":["https:\/\/saharamoroccotours.com\/es\/blog\/"]}]},{"@type":"ImageObject","inLanguage":"en-US","@id":"https:\/\/saharamoroccotours.com\/es\/blog\/#primaryimage","url":"https:\/\/saharamoroccotours.com\/es\/wp-content\/uploads\/2023\/07\/saharamoroccotours12_1200x628.jpeg","contentUrl":"https:\/\/saharamoroccotours.com\/es\/wp-content\/uploads\/2023\/07\/saharamoroccotours12_1200x628.jpeg","width":1200,"height":628,"caption":"Blog de Viajes a Marruecos"},{"@type":"BreadcrumbList","@id":"https:\/\/saharamoroccotours.com\/es\/blog\/#breadcrumb","itemListElement":[{"@type":"ListItem","position":1,"name":"Home","item":"https:\/\/saharamoroccotours.com\/es\/"},{"@type":"ListItem","position":2,"name":"Blog"}]},{"@type":"WebSite","@id":"https:\/\/saharamoroccotours.com\/es\/#website","url":"https:\/\/saharamoroccotours.com\/es\/","name":"Sahara Morocco Tours","description":"Viajes a Marruecos","publisher":{"@id":"https:\/\/saharamoroccotours.com\/es\/#organization"},"potentialAction":[{"@type":"SearchAction","target":{"@type":"EntryPoint","urlTemplate":"https:\/\/saharamoroccotours.com\/es\/?s={search_term_string}"},"query-input":{"@type":"PropertyValueSpecification","valueRequired":true,"valueName":"search_term_string"}}],"inLanguage":"en-US"},{"@type":"Organization","@id":"https:\/\/saharamoroccotours.com\/es\/#organization","name":"Sahara Morocco Tours","url":"https:\/\/saharamoroccotours.com\/es\/","logo":{"@type":"ImageObject","inLanguage":"en-US","@id":"https:\/\/saharamoroccotours.com\/es\/#\/schema\/logo\/image\/","url":"https:\/\/saharamoroccotours.com\/es\/wp-content\/uploads\/2022\/10\/mini-logo.png","contentUrl":"https:\/\/saharamoroccotours.com\/es\/wp-content\/uploads\/2022\/10\/mini-logo.png","width":250,"height":100,"caption":"Sahara Morocco Tours"},"image":{"@id":"https:\/\/saharamoroccotours.com\/es\/#\/schema\/logo\/image\/"},"sameAs":["https:\/\/www.facebook.com\/saharamoroccotours","https:\/\/x.com\/saharamoroccot"]}]}},"_links":{"self":[{"href":"https:\/\/saharamoroccotours.com\/es\/wp-json\/wp\/v2\/pages\/4481","targetHints":{"allow":["GET"]}}],"collection":[{"href":"https:\/\/saharamoroccotours.com\/es\/wp-json\/wp\/v2\/pages"}],"about":[{"href":"https:\/\/saharamoroccotours.com\/es\/wp-json\/wp\/v2\/types\/page"}],"author":[{"embeddable":true,"href":"https:\/\/saharamoroccotours.com\/es\/wp-json\/wp\/v2\/users\/1"}],"replies":[{"embeddable":true,"href":"https:\/\/saharamoroccotours.com\/es\/wp-json\/wp\/v2\/comments?post=4481"}],"version-history":[{"count":2,"href":"https:\/\/saharamoroccotours.com\/es\/wp-json\/wp\/v2\/pages\/4481\/revisions"}],"predecessor-version":[{"id":4487,"href":"https:\/\/saharamoroccotours.com\/es\/wp-json\/wp\/v2\/pages\/4481\/revisions\/4487"}],"wp:featuredmedia":[{"embeddable":true,"href":"https:\/\/saharamoroccotours.com\/es\/wp-json\/wp\/v2\/media\/4482"}],"wp:attachment":[{"href":"https:\/\/saharamoroccotours.com\/es\/wp-json\/wp\/v2\/media?parent=4481"}],"curies":[{"name":"wp","href":"https:\/\/api.w.org\/{rel}","templated":true}]}}